{"id":4073,"date":"2025-02-17T17:10:27","date_gmt":"2025-02-17T17:10:27","guid":{"rendered":"https:\/\/www.natae-agroecology.eu\/?page_id=4073"},"modified":"2025-03-14T11:55:19","modified_gmt":"2025-03-14T11:55:19","slug":"%d9%8a%d9%88%d9%85-%d8%a7%d9%84%d9%85%d8%a4%d8%aa%d9%85%d8%b1-2","status":"publish","type":"page","link":"https:\/\/www.natae-agroecology.eu\/ar\/conference-day-2\/","title":{"rendered":"\u064a\u0648\u0645 \u0627\u0644\u0645\u0624\u062a\u0645\u0631 2"},"content":{"rendered":"\t\t<div data-elementor-type=\"wp-page\" data-elementor-id=\"4073\" class=\"elementor elementor-4073\">\n\t\t\t\t\t\t<section class=\"elementor-section elementor-top-section elementor-element elementor-element-4569315 elementor-section-height-min-height elementor-section-boxed elementor-section-height-default elementor-section-items-middle\" data-id=\"4569315\" data-element_type=\"section\" data-settings=\"{&quot;jet_parallax_layout_list&quot;:[{&quot;jet_parallax_layout_image&quot;:{&quot;url&quot;:&quot;&quot;,&quot;id&quot;:&quot;&quot;,&quot;size&quot;:&quot;&quot;},&quot;_id&quot;:&quot;89ca6ba&quot;,&quot;jet_parallax_layout_image_tablet&quot;:{&quot;url&quot;:&quot;&quot;,&quot;id&quot;:&quot;&quot;,&quot;size&quot;:&quot;&quot;},&quot;jet_parallax_layout_image_mobile&quot;:{&quot;url&quot;:&quot;&quot;,&quot;id&quot;:&quot;&quot;,&quot;size&quot;:&quot;&quot;},&quot;jet_parallax_layout_speed&quot;:{&quot;unit&quot;:&quot;%&quot;,&quot;size&quot;:&quot;50&quot;,&quot;sizes&quot;:[]},&quot;jet_parallax_layout_bg_x&quot;:&quot;50&quot;,&quot;jet_parallax_layout_bg_y&quot;:&quot;50&quot;,&quot;jet_parallax_layout_type&quot;:&quot;scroll&quot;,&quot;jet_parallax_layout_direction&quot;:&quot;1&quot;,&quot;jet_parallax_layout_fx_direction&quot;:null,&quot;jet_parallax_layout_z_index&quot;:&quot;&quot;,&quot;jet_parallax_layout_bg_x_tablet&quot;:&quot;&quot;,&quot;jet_parallax_layout_bg_x_mobile&quot;:&quot;&quot;,&quot;jet_parallax_layout_bg_y_tablet&quot;:&quot;&quot;,&quot;jet_parallax_layout_bg_y_mobile&quot;:&quot;&quot;,&quot;jet_parallax_layout_bg_size&quot;:&quot;auto&quot;,&quot;jet_parallax_layout_bg_size_tablet&quot;:&quot;&quot;,&quot;jet_parallax_layout_bg_size_mobile&quot;:&quot;&quot;,&quot;jet_parallax_layout_animation_prop&quot;:&quot;transform&quot;,&quot;jet_parallax_layout_on&quot;:[&quot;desktop&quot;,&quot;tablet&quot;]}],&quot;background_background&quot;:&quot;classic&quot;}\">\n\t\t\t\t\t\t\t<div class=\"elementor-background-overlay\"><\/div>\n\t\t\t\t\t\t\t<div class=\"elementor-container elementor-column-gap-no\">\n\t\t\t\t\t<div class=\"elementor-column elementor-col-100 elementor-top-column elementor-element elementor-element-2d2795d\" data-id=\"2d2795d\" data-element_type=\"column\">\n\t\t\t<div class=\"elementor-widget-wrap elementor-element-populated\">\n\t\t\t\t\t\t<div class=\"elementor-element elementor-element-808c21a elementor-widget elementor-widget-button\" data-id=\"808c21a\" data-element_type=\"widget\" data-widget_type=\"button.default\">\n\t\t\t\t<div class=\"elementor-widget-container\">\n\t\t\t\t\t\t\t\t\t<div class=\"elementor-button-wrapper\">\n\t\t\t\t\t<a class=\"elementor-button elementor-button-link elementor-size-sm\" href=\"https:\/\/www.natae-agroecology.eu\/regional-conference-on-agroecology\/\">\n\t\t\t\t\t\t<span class=\"elementor-button-content-wrapper\">\n\t\t\t\t\t\t<span class=\"elementor-button-icon\">\n\t\t\t\t<i aria-hidden=\"true\" class=\"fas fa-arrow-left\"><\/i>\t\t\t<\/span>\n\t\t\t\t\t\t\t\t\t<span class=\"elementor-button-text\">Back<\/span>\n\t\t\t\t\t<\/span>\n\t\t\t\t\t<\/a>\n\t\t\t\t<\/div>\n\t\t\t\t\t\t\t\t<\/div>\n\t\t\t\t<\/div>\n\t\t\t\t<div class=\"elementor-element elementor-element-81fc81d elementor-widget__width-initial elementor-widget elementor-widget-heading\" data-id=\"81fc81d\" data-element_type=\"widget\" data-widget_type=\"heading.default\">\n\t\t\t\t<div class=\"elementor-widget-container\">\n\t\t\t\t\t<h2 class=\"elementor-heading-title elementor-size-default\">Day 2 Conference<\/h2>\t\t\t\t<\/div>\n\t\t\t\t<\/div>\n\t\t\t\t\t<\/div>\n\t\t<\/div>\n\t\t\t\t\t<\/div>\n\t\t<\/section>\n\t\t\t\t<section class=\"elementor-section elementor-top-section elementor-element elementor-element-c7b7b0e elementor-section-boxed elementor-section-height-default elementor-section-height-default\" data-id=\"c7b7b0e\" data-element_type=\"section\" data-settings=\"{&quot;jet_parallax_layout_list&quot;:[],&quot;background_background&quot;:&quot;classic&quot;}\">\n\t\t\t\t\t\t\t<div class=\"elementor-background-overlay\"><\/div>\n\t\t\t\t\t\t\t<div class=\"elementor-container elementor-column-gap-no\">\n\t\t\t\t\t<div class=\"elementor-column elementor-col-100 elementor-top-column elementor-element elementor-element-87c0e91\" data-id=\"87c0e91\" data-element_type=\"column\">\n\t\t\t<div class=\"elementor-widget-wrap elementor-element-populated\">\n\t\t\t\t\t\t<div class=\"elementor-element elementor-element-6a9ad04 elementor-widget__width-initial elementor-widget elementor-widget-heading\" data-id=\"6a9ad04\" data-element_type=\"widget\" data-widget_type=\"heading.default\">\n\t\t\t\t<div class=\"elementor-widget-container\">\n\t\t\t\t\t<h2 class=\"elementor-heading-title elementor-size-default\">HIGHLIGHTS<\/h2>\t\t\t\t<\/div>\n\t\t\t\t<\/div>\n\t\t\t\t<div class=\"elementor-element elementor-element-15275dd elementor-widget elementor-widget-video\" data-id=\"15275dd\" data-element_type=\"widget\" data-settings=\"{&quot;youtube_url&quot;:&quot;https:\\\/\\\/youtu.be\\\/v7f31ti-DT4&quot;,&quot;video_type&quot;:&quot;youtube&quot;,&quot;controls&quot;:&quot;yes&quot;}\" data-widget_type=\"video.default\">\n\t\t\t\t<div class=\"elementor-widget-container\">\n\t\t\t\t\t\t\t<div class=\"elementor-wrapper elementor-open-inline\">\n\t\t\t<div class=\"elementor-video\"><\/div>\t\t<\/div>\n\t\t\t\t\t\t<\/div>\n\t\t\t\t<\/div>\n\t\t\t\t<div class=\"elementor-element elementor-element-17e35ac elementor-align-center elementor-widget__width-initial elementor-widget elementor-widget-button\" data-id=\"17e35ac\" data-element_type=\"widget\" data-widget_type=\"button.default\">\n\t\t\t\t<div class=\"elementor-widget-container\">\n\t\t\t\t\t\t\t\t\t<div class=\"elementor-button-wrapper\">\n\t\t\t\t\t<a class=\"elementor-button elementor-button-link elementor-size-sm\" href=\"https:\/\/www.natae-agroecology.eu\/wp-content\/uploads\/2025\/02\/Day2_Presentation_compressed.pdf\">\n\t\t\t\t\t\t<span class=\"elementor-button-content-wrapper\">\n\t\t\t\t\t\t<span class=\"elementor-button-icon\">\n\t\t\t\t<i aria-hidden=\"true\" class=\"fas fa-file-download\"><\/i>\t\t\t<\/span>\n\t\t\t\t\t\t\t\t\t<span class=\"elementor-button-text\">Presentation<\/span>\n\t\t\t\t\t<\/span>\n\t\t\t\t\t<\/a>\n\t\t\t\t<\/div>\n\t\t\t\t\t\t\t\t<\/div>\n\t\t\t\t<\/div>\n\t\t\t\t\t<\/div>\n\t\t<\/div>\n\t\t\t\t\t<\/div>\n\t\t<\/section>\n\t\t\t\t<section class=\"elementor-section elementor-top-section elementor-element elementor-element-30a1ac1 elementor-section-boxed elementor-section-height-default elementor-section-height-default\" data-id=\"30a1ac1\" data-element_type=\"section\" data-settings=\"{&quot;jet_parallax_layout_list&quot;:[],&quot;background_background&quot;:&quot;classic&quot;}\">\n\t\t\t\t\t\t\t<div class=\"elementor-background-overlay\"><\/div>\n\t\t\t\t\t\t\t<div class=\"elementor-container elementor-column-gap-no\">\n\t\t\t\t\t<div class=\"elementor-column elementor-col-100 elementor-top-column elementor-element elementor-element-5274f37\" data-id=\"5274f37\" data-element_type=\"column\">\n\t\t\t<div class=\"elementor-widget-wrap elementor-element-populated\">\n\t\t\t\t\t\t<div class=\"elementor-element elementor-element-1f5a954 elementor-widget__width-initial elementor-widget elementor-widget-heading\" data-id=\"1f5a954\" data-element_type=\"widget\" data-widget_type=\"heading.default\">\n\t\t\t\t<div class=\"elementor-widget-container\">\n\t\t\t\t\t<h2 class=\"elementor-heading-title elementor-size-default\">DAY 2 - Full Agenda<\/h2>\t\t\t\t<\/div>\n\t\t\t\t<\/div>\n\t\t\t\t<div class=\"elementor-element elementor-element-16ff123 elementor-widget elementor-widget-html\" data-id=\"16ff123\" data-element_type=\"widget\" data-widget_type=\"html.default\">\n\t\t\t\t<div class=\"elementor-widget-container\">\n\t\t\t\t\t<div id=\"youtube-container\" style=\"position: relative; width: 100%; max-width: 1073px; aspect-ratio: 16 \/ 9; margin: auto; display: flex; align-items: center; justify-content: center; cursor: pointer; border: 2px solid black;\">\r\n    <!-- Thumbnail personalizada -->\r\n    <img decoding=\"async\" id=\"thumbnail\" src=\"https:\/\/www.natae-agroecology.eu\/wp-content\/uploads\/2025\/02\/thumbnail-video-DAY2.webp\" style=\"width: 100%; height: 100%; object-fit: cover; display: block;\">\r\n    \r\n    <!-- \u00cdcone de play -->\r\n    <div id=\"play-button\">\r\n        \u25b6\ufe0f Play Playlist\r\n    <\/div>\r\n<\/div>\r\n\r\n<style>\r\n    \/* Estiliza\u00e7\u00e3o do bot\u00e3o *\/\r\n    #play-button {\r\n        position: absolute;\r\n        top: 50%;\r\n        left: 50%;\r\n        transform: translate(-50%, -50%);\r\n        background: rgba(0, 0, 0, 0.7);\r\n        color: white;\r\n        padding: 20px 40px;\r\n        border-radius: 50px;\r\n        font-size: 30px;\r\n        font-weight: bold;\r\n        text-align: center;\r\n        white-space: nowrap;\r\n    }\r\n\r\n    \/* Responsividade para telas menores *\/\r\n    @media (max-width: 768px) {\r\n        #play-button {\r\n            font-size: 20px; \/* Diminui o tamanho da fonte *\/\r\n            padding: 15px 30px; \/* Reduz o tamanho do bot\u00e3o *\/\r\n            border-radius: 40px;\r\n        }\r\n    }\r\n\r\n    @media (max-width: 480px) {\r\n        #play-button {\r\n            font-size: 16px; \/* Ainda menor para telas pequenas *\/\r\n            padding: 10px 20px;\r\n            border-radius: 30px;\r\n        }\r\n    }\r\n<\/style>\r\n\r\n<script>\r\ndocument.getElementById('youtube-container').addEventListener('click', function() {\r\n    this.innerHTML = '<iframe width=\"100%\" height=\"100%\" src=\"https:\/\/www.youtube.com\/embed\/videoseries?si=9UBGudrpTUT_1lbV&amp;list=PLogJIvrJcufOl_wqyEjQA1AZibniVmE2V\" title=\"YouTube video player\" frameborder=\"0\" allow=\"accelerometer; autoplay; clipboard-write; encrypted-media; gyroscope; picture-in-picture; web-share\" referrerpolicy=\"strict-origin-when-cross-origin\" allowfullscreen><\/iframe>';\r\n});\r\n<\/script>\r\n\t\t\t\t<\/div>\n\t\t\t\t<\/div>\n\t\t\t\t\t<\/div>\n\t\t<\/div>\n\t\t\t\t\t<\/div>\n\t\t<\/section>\n\t\t\t\t<\/div>\n\t\t","protected":false},"excerpt":{"rendered":"<p>\u0631\u062c\u0648\u0639 \u0623\u0628\u0631\u0632 \u0641\u0639\u0627\u0644\u064a\u0627\u062a \u0627\u0644\u064a\u0648\u0645 \u0627\u0644\u062b\u0627\u0646\u064a \u0644\u0644\u0645\u0624\u062a\u0645\u0631 \u0627\u0644\u064a\u0648\u0645 \u0627\u0644\u062b\u0627\u0646\u064a \u0644\u0644\u0645\u0624\u062a\u0645\u0631 - \u062c\u062f\u0648\u0644 \u0627\u0644\u0623\u0639\u0645\u0627\u0644 \u0627\u0644\u0643\u0627\u0645\u0644 \u25b6\ufe0f \u0642\u0627\u0626\u0645\u0629 \u0627\u0644\u062a\u0634\u063a\u064a\u0644 \u25b6\ufe0f<\/p>","protected":false},"author":1,"featured_media":0,"parent":0,"menu_order":0,"comment_status":"closed","ping_status":"closed","template":"full-width.php","meta":{"_acf_changed":false,"inline_featured_image":false,"footnotes":""},"class_list":["post-4073","page","type-page","status-publish","hentry"],"acf":[],"yoast_head":"<!-- This site is optimized with the Yoast SEO plugin v26.8 - https:\/\/yoast.com\/product\/yoast-seo-wordpress\/ -->\n<title>Conference Day 2 - Natae<\/title>\n<meta name=\"description\" content=\"Day2_The Regional Conference on Agroecology: Science and Policy, which took place from 29-31 January 2025 in Tunis\" \/>\n<meta name=\"robots\" content=\"index, follow, max-snippet:-1, max-image-preview:large, max-video-preview:-1\" \/>\n<link rel=\"canonical\" href=\"https:\/\/www.natae-agroecology.eu\/ar\/\u064a\u0648\u0645-\u0627\u0644\u0645\u0624\u062a\u0645\u0631-2\/\" \/>\n<meta property=\"og:locale\" content=\"ar_AR\" \/>\n<meta property=\"og:type\" content=\"article\" \/>\n<meta property=\"og:title\" content=\"Conference Day 2 - Natae\" \/>\n<meta property=\"og:description\" content=\"Day2_The Regional Conference on Agroecology: Science and Policy, which took place from 29-31 January 2025 in Tunis\" \/>\n<meta property=\"og:url\" content=\"https:\/\/www.natae-agroecology.eu\/ar\/\u064a\u0648\u0645-\u0627\u0644\u0645\u0624\u062a\u0645\u0631-2\/\" \/>\n<meta property=\"og:site_name\" content=\"Natae\" \/>\n<meta property=\"article:publisher\" content=\"https:\/\/www.facebook.com\/people\/NATAE-Agroecology\/100091167530196\/\" \/>\n<meta property=\"article:modified_time\" content=\"2025-03-14T11:55:19+00:00\" \/>\n<meta property=\"og:image\" content=\"https:\/\/www.natae-agroecology.eu\/wp-content\/uploads\/2025\/02\/thumbnail-video-DAY2.webp\" \/>\n<meta name=\"twitter:card\" content=\"summary_large_image\" \/>\n<meta name=\"twitter:site\" content=\"@natae_HE\" \/>\n<meta name=\"twitter:label1\" content=\"\u0648\u0642\u062a \u0627\u0644\u0642\u0631\u0627\u0621\u0629 \u0627\u0644\u0645\u064f\u0642\u062f\u0651\u0631\" \/>\n\t<meta name=\"twitter:data1\" content=\"\u062f\u0642\u064a\u0642\u0629 \u0648\u0627\u062d\u062f\u0629\" \/>\n<script type=\"application\/ld+json\" class=\"yoast-schema-graph\">{\"@context\":\"https:\/\/schema.org\",\"@graph\":[{\"@type\":\"WebPage\",\"@id\":\"https:\/\/www.natae-agroecology.eu\/conference-day-2\/\",\"url\":\"https:\/\/www.natae-agroecology.eu\/conference-day-2\/\",\"name\":\"Conference Day 2 - Natae\",\"isPartOf\":{\"@id\":\"https:\/\/www.natae-agroecology.eu\/#website\"},\"primaryImageOfPage\":{\"@id\":\"https:\/\/www.natae-agroecology.eu\/conference-day-2\/#primaryimage\"},\"image\":{\"@id\":\"https:\/\/www.natae-agroecology.eu\/conference-day-2\/#primaryimage\"},\"thumbnailUrl\":\"https:\/\/www.natae-agroecology.eu\/wp-content\/uploads\/2025\/02\/thumbnail-video-DAY2.webp\",\"datePublished\":\"2025-02-17T17:10:27+00:00\",\"dateModified\":\"2025-03-14T11:55:19+00:00\",\"description\":\"Day2_The Regional Conference on Agroecology: Science and Policy, which took place from 29-31 January 2025 in Tunis\",\"breadcrumb\":{\"@id\":\"https:\/\/www.natae-agroecology.eu\/conference-day-2\/#breadcrumb\"},\"inLanguage\":\"ar\",\"potentialAction\":[{\"@type\":\"ReadAction\",\"target\":[\"https:\/\/www.natae-agroecology.eu\/conference-day-2\/\"]}]},{\"@type\":\"ImageObject\",\"inLanguage\":\"ar\",\"@id\":\"https:\/\/www.natae-agroecology.eu\/conference-day-2\/#primaryimage\",\"url\":\"https:\/\/www.natae-agroecology.eu\/wp-content\/uploads\/2025\/02\/thumbnail-video-DAY2.webp\",\"contentUrl\":\"https:\/\/www.natae-agroecology.eu\/wp-content\/uploads\/2025\/02\/thumbnail-video-DAY2.webp\"},{\"@type\":\"BreadcrumbList\",\"@id\":\"https:\/\/www.natae-agroecology.eu\/conference-day-2\/#breadcrumb\",\"itemListElement\":[{\"@type\":\"ListItem\",\"position\":1,\"name\":\"Home\",\"item\":\"https:\/\/www.natae-agroecology.eu\/\"},{\"@type\":\"ListItem\",\"position\":2,\"name\":\"Conference Day 2\"}]},{\"@type\":\"WebSite\",\"@id\":\"https:\/\/www.natae-agroecology.eu\/#website\",\"url\":\"https:\/\/www.natae-agroecology.eu\/\",\"name\":\"NATAE\",\"description\":\"North African Transition to AgroEcology\",\"publisher\":{\"@id\":\"https:\/\/www.natae-agroecology.eu\/#organization\"},\"potentialAction\":[{\"@type\":\"SearchAction\",\"target\":{\"@type\":\"EntryPoint\",\"urlTemplate\":\"https:\/\/www.natae-agroecology.eu\/?s={search_term_string}\"},\"query-input\":{\"@type\":\"PropertyValueSpecification\",\"valueRequired\":true,\"valueName\":\"search_term_string\"}}],\"inLanguage\":\"ar\"},{\"@type\":\"Organization\",\"@id\":\"https:\/\/www.natae-agroecology.eu\/#organization\",\"name\":\"NATAE\",\"url\":\"https:\/\/www.natae-agroecology.eu\/\",\"logo\":{\"@type\":\"ImageObject\",\"inLanguage\":\"ar\",\"@id\":\"https:\/\/www.natae-agroecology.eu\/#\/schema\/logo\/image\/\",\"url\":\"https:\/\/www.natae-agroecology.eu\/wp-content\/uploads\/2023\/10\/logo-simple.png\",\"contentUrl\":\"https:\/\/www.natae-agroecology.eu\/wp-content\/uploads\/2023\/10\/logo-simple.png\",\"width\":1000,\"height\":544,\"caption\":\"NATAE\"},\"image\":{\"@id\":\"https:\/\/www.natae-agroecology.eu\/#\/schema\/logo\/image\/\"},\"sameAs\":[\"https:\/\/www.facebook.com\/people\/NATAE-Agroecology\/100091167530196\/\",\"https:\/\/x.com\/natae_HE\",\"https:\/\/www.linkedin.com\/company\/nataeagroecology\/\"]}]}<\/script>\n<!-- \/ Yoast SEO plugin. -->","yoast_head_json":{"title":"\u064a\u0648\u0645 \u0627\u0644\u0645\u0624\u062a\u0645\u0631 2 - \u0646\u0627\u062a\u0627\u064a","description":"\u064a\u0648\u06452_\u0627\u0644\u0645\u0624\u062a\u0645\u0631 \u0627\u0644\u0625\u0642\u0644\u064a\u0645\u064a \u062d\u0648\u0644 \u0627\u0644\u0625\u064a\u0643\u0648\u0644\u0648\u062c\u064a\u0627 \u0627\u0644\u0632\u0631\u0627\u0639\u064a\u0629: \u0627\u0644\u0639\u0644\u0648\u0645 \u0648\u0627\u0644\u0633\u064a\u0627\u0633\u0627\u062a\u060c \u0627\u0644\u0630\u064a \u0627\u0646\u0639\u0642\u062f \u0641\u064a \u0627\u0644\u0641\u062a\u0631\u0629 \u0645\u0646 29-31 \u064a\u0646\u0627\u064a\u0631 2025 \u0641\u064a \u062a\u0648\u0646\u0633 \u0627\u0644\u0639\u0627\u0635\u0645\u0629","robots":{"index":"index","follow":"follow","max-snippet":"max-snippet:-1","max-image-preview":"max-image-preview:large","max-video-preview":"max-video-preview:-1"},"canonical":"https:\/\/www.natae-agroecology.eu\/ar\/\u064a\u0648\u0645-\u0627\u0644\u0645\u0624\u062a\u0645\u0631-2\/","og_locale":"ar_AR","og_type":"article","og_title":"Conference Day 2 - Natae","og_description":"Day2_The Regional Conference on Agroecology: Science and Policy, which took place from 29-31 January 2025 in Tunis","og_url":"https:\/\/www.natae-agroecology.eu\/ar\/\u064a\u0648\u0645-\u0627\u0644\u0645\u0624\u062a\u0645\u0631-2\/","og_site_name":"Natae","article_publisher":"https:\/\/www.facebook.com\/people\/NATAE-Agroecology\/100091167530196\/","article_modified_time":"2025-03-14T11:55:19+00:00","og_image":[{"url":"https:\/\/www.natae-agroecology.eu\/wp-content\/uploads\/2025\/02\/thumbnail-video-DAY2.webp","type":"","width":"","height":""}],"twitter_card":"summary_large_image","twitter_site":"@natae_HE","twitter_misc":{"\u0648\u0642\u062a \u0627\u0644\u0642\u0631\u0627\u0621\u0629 \u0627\u0644\u0645\u064f\u0642\u062f\u0651\u0631":"\u062f\u0642\u064a\u0642\u0629 \u0648\u0627\u062d\u062f\u0629"},"schema":{"@context":"https:\/\/schema.org","@graph":[{"@type":"WebPage","@id":"https:\/\/www.natae-agroecology.eu\/conference-day-2\/","url":"https:\/\/www.natae-agroecology.eu\/conference-day-2\/","name":"\u064a\u0648\u0645 \u0627\u0644\u0645\u0624\u062a\u0645\u0631 2 - \u0646\u0627\u062a\u0627\u064a","isPartOf":{"@id":"https:\/\/www.natae-agroecology.eu\/#website"},"primaryImageOfPage":{"@id":"https:\/\/www.natae-agroecology.eu\/conference-day-2\/#primaryimage"},"image":{"@id":"https:\/\/www.natae-agroecology.eu\/conference-day-2\/#primaryimage"},"thumbnailUrl":"https:\/\/www.natae-agroecology.eu\/wp-content\/uploads\/2025\/02\/thumbnail-video-DAY2.webp","datePublished":"2025-02-17T17:10:27+00:00","dateModified":"2025-03-14T11:55:19+00:00","description":"\u064a\u0648\u06452_\u0627\u0644\u0645\u0624\u062a\u0645\u0631 \u0627\u0644\u0625\u0642\u0644\u064a\u0645\u064a \u062d\u0648\u0644 \u0627\u0644\u0625\u064a\u0643\u0648\u0644\u0648\u062c\u064a\u0627 \u0627\u0644\u0632\u0631\u0627\u0639\u064a\u0629: \u0627\u0644\u0639\u0644\u0648\u0645 \u0648\u0627\u0644\u0633\u064a\u0627\u0633\u0627\u062a\u060c \u0627\u0644\u0630\u064a \u0627\u0646\u0639\u0642\u062f \u0641\u064a \u0627\u0644\u0641\u062a\u0631\u0629 \u0645\u0646 29-31 \u064a\u0646\u0627\u064a\u0631 2025 \u0641\u064a \u062a\u0648\u0646\u0633 \u0627\u0644\u0639\u0627\u0635\u0645\u0629","breadcrumb":{"@id":"https:\/\/www.natae-agroecology.eu\/conference-day-2\/#breadcrumb"},"inLanguage":"ar","potentialAction":[{"@type":"ReadAction","target":["https:\/\/www.natae-agroecology.eu\/conference-day-2\/"]}]},{"@type":"ImageObject","inLanguage":"ar","@id":"https:\/\/www.natae-agroecology.eu\/conference-day-2\/#primaryimage","url":"https:\/\/www.natae-agroecology.eu\/wp-content\/uploads\/2025\/02\/thumbnail-video-DAY2.webp","contentUrl":"https:\/\/www.natae-agroecology.eu\/wp-content\/uploads\/2025\/02\/thumbnail-video-DAY2.webp"},{"@type":"BreadcrumbList","@id":"https:\/\/www.natae-agroecology.eu\/conference-day-2\/#breadcrumb","itemListElement":[{"@type":"ListItem","position":1,"name":"Home","item":"https:\/\/www.natae-agroecology.eu\/"},{"@type":"ListItem","position":2,"name":"Conference Day 2"}]},{"@type":"WebSite","@id":"https:\/\/www.natae-agroecology.eu\/#website","url":"https:\/\/www.natae-agroecology.eu\/","name":"\u0646\u0627\u062a\u0627\u064a","description":"\u0627\u0644\u0627\u0646\u062a\u0642\u0627\u0644 \u0641\u064a \u0634\u0645\u0627\u0644 \u0623\u0641\u0631\u064a\u0642\u064a\u0627 \u0625\u0644\u0649 \u0627\u0644\u0632\u0631\u0627\u0639\u0629 \u0627\u0644\u0628\u064a\u0626\u064a\u0629","publisher":{"@id":"https:\/\/www.natae-agroecology.eu\/#organization"},"potentialAction":[{"@type":"SearchAction","target":{"@type":"EntryPoint","urlTemplate":"https:\/\/www.natae-agroecology.eu\/?s={search_term_string}"},"query-input":{"@type":"PropertyValueSpecification","valueRequired":true,"valueName":"search_term_string"}}],"inLanguage":"ar"},{"@type":"Organization","@id":"https:\/\/www.natae-agroecology.eu\/#organization","name":"\u0646\u0627\u062a\u0627\u064a","url":"https:\/\/www.natae-agroecology.eu\/","logo":{"@type":"ImageObject","inLanguage":"ar","@id":"https:\/\/www.natae-agroecology.eu\/#\/schema\/logo\/image\/","url":"https:\/\/www.natae-agroecology.eu\/wp-content\/uploads\/2023\/10\/logo-simple.png","contentUrl":"https:\/\/www.natae-agroecology.eu\/wp-content\/uploads\/2023\/10\/logo-simple.png","width":1000,"height":544,"caption":"NATAE"},"image":{"@id":"https:\/\/www.natae-agroecology.eu\/#\/schema\/logo\/image\/"},"sameAs":["https:\/\/www.facebook.com\/people\/NATAE-Agroecology\/100091167530196\/","https:\/\/x.com\/natae_HE","https:\/\/www.linkedin.com\/company\/nataeagroecology\/"]}]}},"_links":{"self":[{"href":"https:\/\/www.natae-agroecology.eu\/ar\/wp-json\/wp\/v2\/pages\/4073","targetHints":{"allow":["GET"]}}],"collection":[{"href":"https:\/\/www.natae-agroecology.eu\/ar\/wp-json\/wp\/v2\/pages"}],"about":[{"href":"https:\/\/www.natae-agroecology.eu\/ar\/wp-json\/wp\/v2\/types\/page"}],"author":[{"embeddable":true,"href":"https:\/\/www.natae-agroecology.eu\/ar\/wp-json\/wp\/v2\/users\/1"}],"replies":[{"embeddable":true,"href":"https:\/\/www.natae-agroecology.eu\/ar\/wp-json\/wp\/v2\/comments?post=4073"}],"version-history":[{"count":35,"href":"https:\/\/www.natae-agroecology.eu\/ar\/wp-json\/wp\/v2\/pages\/4073\/revisions"}],"predecessor-version":[{"id":4281,"href":"https:\/\/www.natae-agroecology.eu\/ar\/wp-json\/wp\/v2\/pages\/4073\/revisions\/4281"}],"wp:attachment":[{"href":"https:\/\/www.natae-agroecology.eu\/ar\/wp-json\/wp\/v2\/media?parent=4073"}],"curies":[{"name":"\u062f\u0628\u0644\u064a\u0648 \u0628\u064a","href":"https:\/\/api.w.org\/{rel}","templated":true}]}}